{"id":230,"date":"2022-08-02T19:09:46","date_gmt":"2022-08-02T17:09:46","guid":{"rendered":"http:\/\/www.esgrimatorremolinos.com\/?page_id=230"},"modified":"2025-08-30T10:23:11","modified_gmt":"2025-08-30T08:23:11","slug":"clase-gratis","status":"publish","type":"page","link":"https:\/\/www.esgrimatorremolinos.com\/index.php\/clase-gratis\/","title":{"rendered":"Prueba una Clase Gratis"},"content":{"rendered":"\t\t<div data-elementor-type=\"wp-page\" data-elementor-id=\"230\" class=\"elementor elementor-230\">\n\t\t\t\t\t\t<section class=\"elementor-section elementor-top-section elementor-element elementor-element-21c78ae elementor-section-boxed elementor-section-height-default elementor-section-height-default\" data-id=\"21c78ae\" data-element_type=\"section\" data-e-type=\"section\">\n\t\t\t\t\t\t<div class=\"elementor-container elementor-column-gap-default\">\n\t\t\t\t\t<div class=\"elementor-column elementor-col-100 elementor-top-column elementor-element elementor-element-045a984\" data-id=\"045a984\" data-element_type=\"column\" data-e-type=\"column\">\n\t\t\t<div class=\"elementor-widget-wrap elementor-element-populated\">\n\t\t\t\t\t\t<div class=\"elementor-element elementor-element-db66806 elementor-widget elementor-widget-heading\" data-id=\"db66806\" data-element_type=\"widget\" data-e-type=\"widget\" data-widget_type=\"heading.default\">\n\t\t\t\t<div class=\"elementor-widget-container\">\n\t\t\t\t\t<h2 class=\"elementor-heading-title elementor-size-default\">PRIMERA CLASE GRATIS<\/h2>\t\t\t\t<\/div>\n\t\t\t\t<\/div>\n\t\t\t\t\t<\/div>\n\t\t<\/div>\n\t\t\t\t\t<\/div>\n\t\t<\/section>\n\t\t\t\t<section class=\"elementor-section elementor-top-section elementor-element elementor-element-579aacc elementor-section-boxed elementor-section-height-default elementor-section-height-default\" data-id=\"579aacc\" data-element_type=\"section\" data-e-type=\"section\">\n\t\t\t\t\t\t<div class=\"elementor-container elementor-column-gap-default\">\n\t\t\t\t\t<div class=\"elementor-column elementor-col-100 elementor-top-column elementor-element elementor-element-2071975\" data-id=\"2071975\" data-element_type=\"column\" data-e-type=\"column\">\n\t\t\t<div class=\"elementor-widget-wrap elementor-element-populated\">\n\t\t\t\t\t\t<div class=\"elementor-element elementor-element-2d996e0 elementor-widget elementor-widget-text-editor\" data-id=\"2d996e0\" data-element_type=\"widget\" data-e-type=\"widget\" data-widget_type=\"text-editor.default\">\n\t\t\t\t<div class=\"elementor-widget-container\">\n\t\t\t\t\t\t\t\t\t<p>\u00bfQuieres probar esgrima pero no te terminas de decidir? Pues claro, tienes que probarlo antes, as\u00ed que para facilit\u00e1rtelo puedes venir el primer d\u00eda <b>gratis<\/b>.<\/p>\n<p><u>Lo \u00fanico que tendr\u00e1s que traer es ropa y calzado deportivo, una botella de agua, una toalla y muchas ganas de aprender.<\/u><\/p>\n<p>A pesar de lo que se muestre en la tele, la esgrima es, ante todo, un deporte. Y como deporte que es, comprende una parte f\u00edsica que se entrena cada vez que pones en pr\u00e1ctica los nuevos aprendizajes que ir\u00e1s obteniendo. Pero olv\u00eddate de gente rica, ni duques, ni retar abofeteando con un guante \ud83d\ude09&nbsp;<\/p>\n<p><\/p>\t\t\t\t\t\t\t\t<\/div>\n\t\t\t\t<\/div>\n\t\t\t\t\t<\/div>\n\t\t<\/div>\n\t\t\t\t\t<\/div>\n\t\t<\/section>\n\t\t\t\t<section class=\"elementor-section elementor-top-section elementor-element elementor-element-ffcb8c8 elementor-section-boxed elementor-section-height-default elementor-section-height-default\" data-id=\"ffcb8c8\" data-element_type=\"section\" data-e-type=\"section\">\n\t\t\t\t\t\t<div class=\"elementor-container elementor-column-gap-default\">\n\t\t\t\t\t<div class=\"elementor-column elementor-col-100 elementor-top-column elementor-element elementor-element-cc404b4\" data-id=\"cc404b4\" data-element_type=\"column\" data-e-type=\"column\">\n\t\t\t<div class=\"elementor-widget-wrap elementor-element-populated\">\n\t\t\t\t\t\t<div class=\"elementor-element elementor-element-baee155 ekit-equal-height-disable elementor-widget elementor-widget-elementskit-image-box\" data-id=\"baee155\" data-element_type=\"widget\" data-e-type=\"widget\" data-widget_type=\"elementskit-image-box.default\">\n\t\t\t\t<div class=\"elementor-widget-container\">\n\t\t\t\t\t<div class=\"ekit-wid-con\" >\n            <div class=\"elementskit-info-image-box ekit-image-box text-center simple-card\" >\n\n                \n                <div class=\"elementskit-box-header image-box-img-center\">\n\n                    <img fetchpriority=\"high\" decoding=\"async\" width=\"1080\" height=\"1350\" src=\"https:\/\/www.esgrimatorremolinos.com\/wp-content\/uploads\/2022\/08\/Naranja-Negro-Gimnasios-Vuelta-al-Negocio-Fondo-Banner-Post-para-Instagram-vertical.png\" class=\"attachment-full size-full wp-image-1106\" alt=\"esgrima gratis malaga\" srcset=\"https:\/\/www.esgrimatorremolinos.com\/wp-content\/uploads\/2022\/08\/Naranja-Negro-Gimnasios-Vuelta-al-Negocio-Fondo-Banner-Post-para-Instagram-vertical.png 1080w, https:\/\/www.esgrimatorremolinos.com\/wp-content\/uploads\/2022\/08\/Naranja-Negro-Gimnasios-Vuelta-al-Negocio-Fondo-Banner-Post-para-Instagram-vertical-240x300.png 240w, https:\/\/www.esgrimatorremolinos.com\/wp-content\/uploads\/2022\/08\/Naranja-Negro-Gimnasios-Vuelta-al-Negocio-Fondo-Banner-Post-para-Instagram-vertical-819x1024.png 819w, https:\/\/www.esgrimatorremolinos.com\/wp-content\/uploads\/2022\/08\/Naranja-Negro-Gimnasios-Vuelta-al-Negocio-Fondo-Banner-Post-para-Instagram-vertical-768x960.png 768w\" sizes=\"(max-width: 1080px) 100vw, 1080px\" \/>\n                <\/div>\n                \n                <div class=\"elementskit-box-body ekit-image-box-body\">\n                    <div class=\"elementskit-box-content ekit-image-box-body-inner\">\n                                                <h3 class=\"elementskit-info-box-title\">\n\n                        La palabra m\u00e1gica: GRATIS\n                        \n                    <\/h3>\n                                                            <div class=\"elementskit-box-style-content\">\n                        Si quieres m\u00e1s informaci\u00f3n o ponerte en contacto con un entrenador para saber m\u00e1s pulsa el siguiente bot\u00f3n para mandar un mensaje por Whastapp.                    <\/div>\n                                    <\/div>\n\n                                <div class=\"elementskit-box-footer\">\n                    <div class=\"box-footer\">\n                        <div class=\"btn-wraper\">\n                                                            <a href=\"https:\/\/api.whatsapp.com\/send?phone=34616940091\" class=\"elementskit-btn whitespace--normal\">\n                                    \n                                    \n                                    Pedir una clase gratis                                <\/a>\n                                                        <\/div>\n                    <\/div>\n                <\/div>\n                            <\/div>\n            <\/div>\n    <\/div>\t\t\t\t<\/div>\n\t\t\t\t<\/div>\n\t\t\t\t\t<\/div>\n\t\t<\/div>\n\t\t\t\t\t<\/div>\n\t\t<\/section>\n\t\t\t\t<section class=\"elementor-section elementor-top-section elementor-element elementor-element-461d727 elementor-section-boxed elementor-section-height-default elementor-section-height-default\" data-id=\"461d727\" data-element_type=\"section\" data-e-type=\"section\">\n\t\t\t\t\t\t<div class=\"elementor-container elementor-column-gap-default\">\n\t\t\t\t\t<div class=\"elementor-column elementor-col-100 elementor-top-column elementor-element elementor-element-704cbb7\" data-id=\"704cbb7\" data-element_type=\"column\" data-e-type=\"column\">\n\t\t\t<div class=\"elementor-widget-wrap elementor-element-populated\">\n\t\t\t\t\t\t<div class=\"elementor-element elementor-element-6dc357d elementor-widget elementor-widget-text-editor\" data-id=\"6dc357d\" data-element_type=\"widget\" data-e-type=\"widget\" data-widget_type=\"text-editor.default\">\n\t\t\t\t<div class=\"elementor-widget-container\">\n\t\t\t\t\t\t\t\t\t<p><b>\u00bfQu\u00e9 puedes esperar el primer d\u00eda?\u00a0<\/b><\/p><p>Para empezar siempre realizamos una <u>calentamiento general<\/u> a base de juegos. <u>Estiramos <\/u>siempre despu\u00e9s de calentar y comenzamos a realizar un poco de<u> trabajo f\u00edsico <\/u>combinado con <u>desplazamientos <\/u>de esgrima. No te preocupes por los desplazamientos, no necesitas saber hacerlos para empezar, adem\u00e1s de intuitivo <i>te ense\u00f1aremos antes<\/i>.<\/p><p>A partir de ah\u00ed empezaremos a hacer trabajos con desplazamientos m\u00e1s espec\u00edficos, pero antes el entrenador se pondr\u00e1 contigo a practicar las nociones b\u00e1sicas para que sepas desplazarte, son tres movimientos b\u00e1sicos: marcha (hacia adelante), romper (hacia atr\u00e1s) y fondo (movimiento de ataque estirando las piernas y el brazo para tocar).<\/p><p>Despu\u00e9s haremos alg\u00fan <u>ejercicio t\u00e9cnico-t\u00e1ctico<\/u> y finalmente habr\u00e1 <u>asaltos <\/u>dirigidos o libres. En este punto es probable que el <i>entrenador se quede contigo para darte una clase particular de iniciaci\u00f3n.\u00a0<\/i><\/p><p><span style=\"background-color: var(--wp--preset--color--white); color: var( --e-global-color-text ); font-family: var( --e-global-typography-text-font-family ), Sans-serif; font-size: var(--wp--preset--font-size--medium);\"><b>\u00a1<\/b><\/span><span style=\"background-color: var(--wp--preset--color--white); color: var( --e-global-color-text ); font-family: var( --e-global-typography-text-font-family ), Sans-serif; font-size: var(--wp--preset--font-size--medium);\"><b>S\u00ed, podr\u00e1s coger el sable y practicar el primer d\u00eda!<\/b><\/span><\/p><p>Finalmente haremos <u>estiramientos <\/u>para prevenir agujetas y lesiones, son muy importantes.\u00a0<\/p><p>\u00bf<i>No te he convencido a\u00fan?<\/i><\/p><p>Pues echa un vistazo a la <a href=\"https:\/\/www.esgrimatorremolinos.com\/index.php\/horarios-y-precios\/\"><b>promo del 2&#215;1<\/b>.<\/a> Vente con alguien m\u00e1s y si os apunt\u00e1is ambos te sale gratis la mensualidad en caso de apuntarte.<\/p>\t\t\t\t\t\t\t\t<\/div>\n\t\t\t\t<\/div>\n\t\t\t\t\t<\/div>\n\t\t<\/div>\n\t\t\t\t\t<\/div>\n\t\t<\/section>\n\t\t\t\t<section class=\"elementor-section elementor-top-section elementor-element elementor-element-ce9ca1d elementor-section-boxed elementor-section-height-default elementor-section-height-default\" data-id=\"ce9ca1d\" data-element_type=\"section\" data-e-type=\"section\">\n\t\t\t\t\t\t<div class=\"elementor-container elementor-column-gap-default\">\n\t\t\t\t\t<div class=\"elementor-column elementor-col-100 elementor-top-column elementor-element elementor-element-6071810\" data-id=\"6071810\" data-element_type=\"column\" data-e-type=\"column\">\n\t\t\t<div class=\"elementor-widget-wrap elementor-element-populated\">\n\t\t\t\t\t\t<div class=\"elementor-element elementor-element-34a38a1 elementor-widget elementor-widget-heading\" data-id=\"34a38a1\" data-element_type=\"widget\" data-e-type=\"widget\" data-widget_type=\"heading.default\">\n\t\t\t\t<div class=\"elementor-widget-container\">\n\t\t\t\t\t<h3 class=\"elementor-heading-title elementor-size-default\"><a href=\"https:\/\/www.esgrimatorremolinos.com\/index.php\/contacto\/\">\u00a1Te esperamos!<\/a><\/h3>\t\t\t\t<\/div>\n\t\t\t\t<\/div>\n\t\t\t\t\t<\/div>\n\t\t<\/div>\n\t\t\t\t\t<\/div>\n\t\t<\/section>\n\t\t\t\t<\/div>\n\t\t","protected":false},"excerpt":{"rendered":"<p>PRIMERA CLASE GRATIS \u00bfQuieres probar esgrima pero no te terminas de decidir? Pues claro, tienes que probarlo antes, as\u00ed que para facilit\u00e1rtelo puedes venir el primer d\u00eda gratis. Lo \u00fanico que tendr\u00e1s que traer es ropa y calzado deportivo, una botella de agua, una toalla y muchas ganas de aprender. A pesar de lo que [&hellip;]<\/p>\n","protected":false},"author":1,"featured_media":0,"parent":0,"menu_order":0,"comment_status":"closed","ping_status":"closed","template":"","meta":{"footnotes":""},"class_list":["post-230","page","type-page","status-publish","hentry"],"yoast_head":"<!-- This site is optimized with the Yoast SEO plugin v27.5 - https:\/\/yoast.com\/product\/yoast-seo-wordpress\/ -->\n<title>Prueba una Clase Gratis - Club de Esgrima Torremolinos<\/title>\n<meta name=\"description\" content=\"\u00a1Ven al Club de Esgrima Torremolinos y prueba tu primera clase totalmente gratis! Y sin compromiso, pero sabemos que te gustar\u00e1 la esgrima ;)\" \/>\n<meta name=\"robots\" content=\"index, follow, max-snippet:-1, max-image-preview:large, max-video-preview:-1\" \/>\n<link rel=\"canonical\" href=\"https:\/\/www.esgrimatorremolinos.com\/index.php\/clase-gratis\/\" \/>\n<meta property=\"og:locale\" content=\"es_ES\" \/>\n<meta property=\"og:type\" content=\"article\" \/>\n<meta property=\"og:title\" content=\"Prueba una Clase Gratis - Club de Esgrima Torremolinos\" \/>\n<meta property=\"og:description\" content=\"\u00a1Ven al Club de Esgrima Torremolinos y prueba tu primera clase totalmente gratis! Y sin compromiso, pero sabemos que te gustar\u00e1 la esgrima ;)\" \/>\n<meta property=\"og:url\" content=\"https:\/\/www.esgrimatorremolinos.com\/index.php\/clase-gratis\/\" \/>\n<meta property=\"og:site_name\" content=\"Club de Esgrima Torremolinos\" \/>\n<meta property=\"article:modified_time\" content=\"2025-08-30T08:23:11+00:00\" \/>\n<meta property=\"og:image\" content=\"https:\/\/www.esgrimatorremolinos.com\/wp-content\/uploads\/2022\/08\/Naranja-Negro-Gimnasios-Vuelta-al-Negocio-Fondo-Banner-Post-para-Instagram-vertical.png\" \/>\n\t<meta property=\"og:image:width\" content=\"1080\" \/>\n\t<meta property=\"og:image:height\" content=\"1350\" \/>\n\t<meta property=\"og:image:type\" content=\"image\/png\" \/>\n<meta name=\"twitter:card\" content=\"summary_large_image\" \/>\n<meta name=\"twitter:label1\" content=\"Tiempo de lectura\" \/>\n\t<meta name=\"twitter:data1\" content=\"2 minutos\" \/>\n<script type=\"application\/ld+json\" class=\"yoast-schema-graph\">{\"@context\":\"https:\\\/\\\/schema.org\",\"@graph\":[{\"@type\":\"WebPage\",\"@id\":\"https:\\\/\\\/www.esgrimatorremolinos.com\\\/index.php\\\/clase-gratis\\\/\",\"url\":\"https:\\\/\\\/www.esgrimatorremolinos.com\\\/index.php\\\/clase-gratis\\\/\",\"name\":\"Prueba una Clase Gratis - Club de Esgrima Torremolinos\",\"isPartOf\":{\"@id\":\"https:\\\/\\\/www.esgrimatorremolinos.com\\\/#website\"},\"primaryImageOfPage\":{\"@id\":\"https:\\\/\\\/www.esgrimatorremolinos.com\\\/index.php\\\/clase-gratis\\\/#primaryimage\"},\"image\":{\"@id\":\"https:\\\/\\\/www.esgrimatorremolinos.com\\\/index.php\\\/clase-gratis\\\/#primaryimage\"},\"thumbnailUrl\":\"https:\\\/\\\/www.esgrimatorremolinos.com\\\/wp-content\\\/uploads\\\/2022\\\/08\\\/Naranja-Negro-Gimnasios-Vuelta-al-Negocio-Fondo-Banner-Post-para-Instagram-vertical.png\",\"datePublished\":\"2022-08-02T17:09:46+00:00\",\"dateModified\":\"2025-08-30T08:23:11+00:00\",\"description\":\"\u00a1Ven al Club de Esgrima Torremolinos y prueba tu primera clase totalmente gratis! Y sin compromiso, pero sabemos que te gustar\u00e1 la esgrima ;)\",\"breadcrumb\":{\"@id\":\"https:\\\/\\\/www.esgrimatorremolinos.com\\\/index.php\\\/clase-gratis\\\/#breadcrumb\"},\"inLanguage\":\"es\",\"potentialAction\":[{\"@type\":\"ReadAction\",\"target\":[\"https:\\\/\\\/www.esgrimatorremolinos.com\\\/index.php\\\/clase-gratis\\\/\"]}]},{\"@type\":\"ImageObject\",\"inLanguage\":\"es\",\"@id\":\"https:\\\/\\\/www.esgrimatorremolinos.com\\\/index.php\\\/clase-gratis\\\/#primaryimage\",\"url\":\"https:\\\/\\\/www.esgrimatorremolinos.com\\\/wp-content\\\/uploads\\\/2022\\\/08\\\/Naranja-Negro-Gimnasios-Vuelta-al-Negocio-Fondo-Banner-Post-para-Instagram-vertical.png\",\"contentUrl\":\"https:\\\/\\\/www.esgrimatorremolinos.com\\\/wp-content\\\/uploads\\\/2022\\\/08\\\/Naranja-Negro-Gimnasios-Vuelta-al-Negocio-Fondo-Banner-Post-para-Instagram-vertical.png\",\"width\":1080,\"height\":1350,\"caption\":\"esgrima gratis malaga\"},{\"@type\":\"BreadcrumbList\",\"@id\":\"https:\\\/\\\/www.esgrimatorremolinos.com\\\/index.php\\\/clase-gratis\\\/#breadcrumb\",\"itemListElement\":[{\"@type\":\"ListItem\",\"position\":1,\"name\":\"Portada\",\"item\":\"https:\\\/\\\/www.esgrimatorremolinos.com\\\/\"},{\"@type\":\"ListItem\",\"position\":2,\"name\":\"Prueba una Clase Gratis\"}]},{\"@type\":\"WebSite\",\"@id\":\"https:\\\/\\\/www.esgrimatorremolinos.com\\\/#website\",\"url\":\"https:\\\/\\\/www.esgrimatorremolinos.com\\\/\",\"name\":\"Club de Esgrima Torremolinos\",\"description\":\"Esgrima para todas las edades\",\"publisher\":{\"@id\":\"https:\\\/\\\/www.esgrimatorremolinos.com\\\/#organization\"},\"potentialAction\":[{\"@type\":\"SearchAction\",\"target\":{\"@type\":\"EntryPoint\",\"urlTemplate\":\"https:\\\/\\\/www.esgrimatorremolinos.com\\\/?s={search_term_string}\"},\"query-input\":{\"@type\":\"PropertyValueSpecification\",\"valueRequired\":true,\"valueName\":\"search_term_string\"}}],\"inLanguage\":\"es\"},{\"@type\":\"Organization\",\"@id\":\"https:\\\/\\\/www.esgrimatorremolinos.com\\\/#organization\",\"name\":\"Club de Esgrima Torremolinos\",\"url\":\"https:\\\/\\\/www.esgrimatorremolinos.com\\\/\",\"logo\":{\"@type\":\"ImageObject\",\"inLanguage\":\"es\",\"@id\":\"https:\\\/\\\/www.esgrimatorremolinos.com\\\/#\\\/schema\\\/logo\\\/image\\\/\",\"url\":\"https:\\\/\\\/www.esgrimatorremolinos.com\\\/wp-content\\\/uploads\\\/2022\\\/07\\\/cropped-1-8.png\",\"contentUrl\":\"https:\\\/\\\/www.esgrimatorremolinos.com\\\/wp-content\\\/uploads\\\/2022\\\/07\\\/cropped-1-8.png\",\"width\":512,\"height\":512,\"caption\":\"Club de Esgrima Torremolinos\"},\"image\":{\"@id\":\"https:\\\/\\\/www.esgrimatorremolinos.com\\\/#\\\/schema\\\/logo\\\/image\\\/\"}}]}<\/script>\n<!-- \/ Yoast SEO plugin. -->","yoast_head_json":{"title":"Prueba una Clase Gratis - Club de Esgrima Torremolinos","description":"\u00a1Ven al Club de Esgrima Torremolinos y prueba tu primera clase totalmente gratis! Y sin compromiso, pero sabemos que te gustar\u00e1 la esgrima ;)","robots":{"index":"index","follow":"follow","max-snippet":"max-snippet:-1","max-image-preview":"max-image-preview:large","max-video-preview":"max-video-preview:-1"},"canonical":"https:\/\/www.esgrimatorremolinos.com\/index.php\/clase-gratis\/","og_locale":"es_ES","og_type":"article","og_title":"Prueba una Clase Gratis - Club de Esgrima Torremolinos","og_description":"\u00a1Ven al Club de Esgrima Torremolinos y prueba tu primera clase totalmente gratis! Y sin compromiso, pero sabemos que te gustar\u00e1 la esgrima ;)","og_url":"https:\/\/www.esgrimatorremolinos.com\/index.php\/clase-gratis\/","og_site_name":"Club de Esgrima Torremolinos","article_modified_time":"2025-08-30T08:23:11+00:00","og_image":[{"width":1080,"height":1350,"url":"https:\/\/www.esgrimatorremolinos.com\/wp-content\/uploads\/2022\/08\/Naranja-Negro-Gimnasios-Vuelta-al-Negocio-Fondo-Banner-Post-para-Instagram-vertical.png","type":"image\/png"}],"twitter_card":"summary_large_image","twitter_misc":{"Tiempo de lectura":"2 minutos"},"schema":{"@context":"https:\/\/schema.org","@graph":[{"@type":"WebPage","@id":"https:\/\/www.esgrimatorremolinos.com\/index.php\/clase-gratis\/","url":"https:\/\/www.esgrimatorremolinos.com\/index.php\/clase-gratis\/","name":"Prueba una Clase Gratis - Club de Esgrima Torremolinos","isPartOf":{"@id":"https:\/\/www.esgrimatorremolinos.com\/#website"},"primaryImageOfPage":{"@id":"https:\/\/www.esgrimatorremolinos.com\/index.php\/clase-gratis\/#primaryimage"},"image":{"@id":"https:\/\/www.esgrimatorremolinos.com\/index.php\/clase-gratis\/#primaryimage"},"thumbnailUrl":"https:\/\/www.esgrimatorremolinos.com\/wp-content\/uploads\/2022\/08\/Naranja-Negro-Gimnasios-Vuelta-al-Negocio-Fondo-Banner-Post-para-Instagram-vertical.png","datePublished":"2022-08-02T17:09:46+00:00","dateModified":"2025-08-30T08:23:11+00:00","description":"\u00a1Ven al Club de Esgrima Torremolinos y prueba tu primera clase totalmente gratis! Y sin compromiso, pero sabemos que te gustar\u00e1 la esgrima ;)","breadcrumb":{"@id":"https:\/\/www.esgrimatorremolinos.com\/index.php\/clase-gratis\/#breadcrumb"},"inLanguage":"es","potentialAction":[{"@type":"ReadAction","target":["https:\/\/www.esgrimatorremolinos.com\/index.php\/clase-gratis\/"]}]},{"@type":"ImageObject","inLanguage":"es","@id":"https:\/\/www.esgrimatorremolinos.com\/index.php\/clase-gratis\/#primaryimage","url":"https:\/\/www.esgrimatorremolinos.com\/wp-content\/uploads\/2022\/08\/Naranja-Negro-Gimnasios-Vuelta-al-Negocio-Fondo-Banner-Post-para-Instagram-vertical.png","contentUrl":"https:\/\/www.esgrimatorremolinos.com\/wp-content\/uploads\/2022\/08\/Naranja-Negro-Gimnasios-Vuelta-al-Negocio-Fondo-Banner-Post-para-Instagram-vertical.png","width":1080,"height":1350,"caption":"esgrima gratis malaga"},{"@type":"BreadcrumbList","@id":"https:\/\/www.esgrimatorremolinos.com\/index.php\/clase-gratis\/#breadcrumb","itemListElement":[{"@type":"ListItem","position":1,"name":"Portada","item":"https:\/\/www.esgrimatorremolinos.com\/"},{"@type":"ListItem","position":2,"name":"Prueba una Clase Gratis"}]},{"@type":"WebSite","@id":"https:\/\/www.esgrimatorremolinos.com\/#website","url":"https:\/\/www.esgrimatorremolinos.com\/","name":"Club de Esgrima Torremolinos","description":"Esgrima para todas las edades","publisher":{"@id":"https:\/\/www.esgrimatorremolinos.com\/#organization"},"potentialAction":[{"@type":"SearchAction","target":{"@type":"EntryPoint","urlTemplate":"https:\/\/www.esgrimatorremolinos.com\/?s={search_term_string}"},"query-input":{"@type":"PropertyValueSpecification","valueRequired":true,"valueName":"search_term_string"}}],"inLanguage":"es"},{"@type":"Organization","@id":"https:\/\/www.esgrimatorremolinos.com\/#organization","name":"Club de Esgrima Torremolinos","url":"https:\/\/www.esgrimatorremolinos.com\/","logo":{"@type":"ImageObject","inLanguage":"es","@id":"https:\/\/www.esgrimatorremolinos.com\/#\/schema\/logo\/image\/","url":"https:\/\/www.esgrimatorremolinos.com\/wp-content\/uploads\/2022\/07\/cropped-1-8.png","contentUrl":"https:\/\/www.esgrimatorremolinos.com\/wp-content\/uploads\/2022\/07\/cropped-1-8.png","width":512,"height":512,"caption":"Club de Esgrima Torremolinos"},"image":{"@id":"https:\/\/www.esgrimatorremolinos.com\/#\/schema\/logo\/image\/"}}]}},"jetpack_sharing_enabled":true,"_links":{"self":[{"href":"https:\/\/www.esgrimatorremolinos.com\/index.php\/wp-json\/wp\/v2\/pages\/230","targetHints":{"allow":["GET"]}}],"collection":[{"href":"https:\/\/www.esgrimatorremolinos.com\/index.php\/wp-json\/wp\/v2\/pages"}],"about":[{"href":"https:\/\/www.esgrimatorremolinos.com\/index.php\/wp-json\/wp\/v2\/types\/page"}],"author":[{"embeddable":true,"href":"https:\/\/www.esgrimatorremolinos.com\/index.php\/wp-json\/wp\/v2\/users\/1"}],"replies":[{"embeddable":true,"href":"https:\/\/www.esgrimatorremolinos.com\/index.php\/wp-json\/wp\/v2\/comments?post=230"}],"version-history":[{"count":41,"href":"https:\/\/www.esgrimatorremolinos.com\/index.php\/wp-json\/wp\/v2\/pages\/230\/revisions"}],"predecessor-version":[{"id":1731,"href":"https:\/\/www.esgrimatorremolinos.com\/index.php\/wp-json\/wp\/v2\/pages\/230\/revisions\/1731"}],"wp:attachment":[{"href":"https:\/\/www.esgrimatorremolinos.com\/index.php\/wp-json\/wp\/v2\/media?parent=230"}],"curies":[{"name":"wp","href":"https:\/\/api.w.org\/{rel}","templated":true}]}}