{"id":347,"date":"2022-08-02T20:32:31","date_gmt":"2022-08-02T18:32:31","guid":{"rendered":"http:\/\/www.esgrimatorremolinos.com\/?page_id=347"},"modified":"2025-08-30T10:48:21","modified_gmt":"2025-08-30T08:48:21","slug":"esgrima-ninos","status":"publish","type":"page","link":"https:\/\/www.esgrimatorremolinos.com\/index.php\/esgrima-ninos\/","title":{"rendered":"Esgrima para Ni\u00f1os"},"content":{"rendered":"\t\t<div data-elementor-type=\"wp-page\" data-elementor-id=\"347\" class=\"elementor elementor-347\">\n\t\t\t\t\t\t<section class=\"elementor-section elementor-top-section elementor-element elementor-element-d880031 elementor-section-boxed elementor-section-height-default elementor-section-height-default\" data-id=\"d880031\" data-element_type=\"section\" data-e-type=\"section\">\n\t\t\t\t\t\t<div class=\"elementor-container elementor-column-gap-default\">\n\t\t\t\t\t<div class=\"elementor-column elementor-col-100 elementor-top-column elementor-element elementor-element-f3e94b4\" data-id=\"f3e94b4\" data-element_type=\"column\" data-e-type=\"column\">\n\t\t\t<div class=\"elementor-widget-wrap elementor-element-populated\">\n\t\t\t\t\t\t<div class=\"elementor-element elementor-element-fdbd079 elementor-widget elementor-widget-heading\" data-id=\"fdbd079\" data-element_type=\"widget\" data-e-type=\"widget\" data-widget_type=\"heading.default\">\n\t\t\t\t<div class=\"elementor-widget-container\">\n\t\t\t\t\t<h2 class=\"elementor-heading-title elementor-size-default\">Esgrima para Ni\u00f1os<\/h2>\t\t\t\t<\/div>\n\t\t\t\t<\/div>\n\t\t\t\t\t<\/div>\n\t\t<\/div>\n\t\t\t\t\t<\/div>\n\t\t<\/section>\n\t\t\t\t<section class=\"elementor-section elementor-top-section elementor-element elementor-element-adde712 elementor-section-boxed elementor-section-height-default elementor-section-height-default\" data-id=\"adde712\" data-element_type=\"section\" data-e-type=\"section\">\n\t\t\t\t\t\t<div class=\"elementor-container elementor-column-gap-default\">\n\t\t\t\t\t<div class=\"elementor-column elementor-col-100 elementor-top-column elementor-element elementor-element-60af046\" data-id=\"60af046\" data-element_type=\"column\" data-e-type=\"column\">\n\t\t\t<div class=\"elementor-widget-wrap elementor-element-populated\">\n\t\t\t\t\t\t<div class=\"elementor-element elementor-element-b7bb046 elementor-widget elementor-widget-text-editor\" data-id=\"b7bb046\" data-element_type=\"widget\" data-e-type=\"widget\" data-widget_type=\"text-editor.default\">\n\t\t\t\t<div class=\"elementor-widget-container\">\n\t\t\t\t\t\t\t\t\t<p>Los grandes deportistas empiezan a practicar desde ni\u00f1os, por lo que les ofrecemos aprender la base desde que son peque\u00f1os. Ponemos el l\u00edmite de tener seis a\u00f1os de cara a la inclusi\u00f3n en juegos y capacidad para adaptar la clase a edades madurativas demasiado distantes.<\/p><p>Contamos con entrenadores cualificados para trabajar con ni\u00f1os, \u00a1y lo hacemos jugando!<\/p><p>De poco nos sirve ense\u00f1ar la t\u00e9cnica y las estrategias, o incluso realizar un trabajo f\u00edsico exigente, cuando son tan peque\u00f1os. Queremos que se lo pasen bien y as\u00ed aprendan.<\/p><p>Durante la hora que pasan con nosotros en las instalaciones estar\u00e1n jugando la gran mayor\u00eda del tiempo.\u00a0<\/p>\t\t\t\t\t\t\t\t<\/div>\n\t\t\t\t<\/div>\n\t\t\t\t\t<\/div>\n\t\t<\/div>\n\t\t\t\t\t<\/div>\n\t\t<\/section>\n\t\t\t\t<section class=\"elementor-section elementor-top-section elementor-element elementor-element-1b227da elementor-section-boxed elementor-section-height-default elementor-section-height-default\" data-id=\"1b227da\" data-element_type=\"section\" data-e-type=\"section\">\n\t\t\t\t\t\t<div class=\"elementor-container elementor-column-gap-default\">\n\t\t\t\t\t<div class=\"elementor-column elementor-col-100 elementor-top-column elementor-element elementor-element-175e77b\" data-id=\"175e77b\" data-element_type=\"column\" data-e-type=\"column\">\n\t\t\t<div class=\"elementor-widget-wrap elementor-element-populated\">\n\t\t\t\t\t\t<div class=\"elementor-element elementor-element-ba06917 ekit-equal-height-disable elementor-widget elementor-widget-elementskit-image-box\" data-id=\"ba06917\" data-element_type=\"widget\" data-e-type=\"widget\" data-widget_type=\"elementskit-image-box.default\">\n\t\t\t\t<div class=\"elementor-widget-container\">\n\t\t\t\t\t<div class=\"ekit-wid-con\" >\n            <div class=\"elementskit-info-image-box ekit-image-box text-center simple-card\" >\n\n                \n                <div class=\"elementskit-box-header image-box-img-center\">\n\n                    <img fetchpriority=\"high\" decoding=\"async\" width=\"1600\" height=\"1200\" src=\"https:\/\/www.esgrimatorremolinos.com\/wp-content\/uploads\/2024\/02\/Imagen-de-WhatsApp-2024-02-22-a-las-08.51.45_f42fb7f1.jpg\" class=\"attachment-full size-full wp-image-1219\" alt=\"esgrima ni\u00f1os m\u00e1laga torremolinos\" srcset=\"https:\/\/www.esgrimatorremolinos.com\/wp-content\/uploads\/2024\/02\/Imagen-de-WhatsApp-2024-02-22-a-las-08.51.45_f42fb7f1.jpg 1600w, https:\/\/www.esgrimatorremolinos.com\/wp-content\/uploads\/2024\/02\/Imagen-de-WhatsApp-2024-02-22-a-las-08.51.45_f42fb7f1-300x225.jpg 300w, https:\/\/www.esgrimatorremolinos.com\/wp-content\/uploads\/2024\/02\/Imagen-de-WhatsApp-2024-02-22-a-las-08.51.45_f42fb7f1-1024x768.jpg 1024w, https:\/\/www.esgrimatorremolinos.com\/wp-content\/uploads\/2024\/02\/Imagen-de-WhatsApp-2024-02-22-a-las-08.51.45_f42fb7f1-768x576.jpg 768w, https:\/\/www.esgrimatorremolinos.com\/wp-content\/uploads\/2024\/02\/Imagen-de-WhatsApp-2024-02-22-a-las-08.51.45_f42fb7f1-1536x1152.jpg 1536w\" sizes=\"(max-width: 1600px) 100vw, 1600px\" \/>\n                <\/div>\n                \n                <div class=\"elementskit-box-body ekit-image-box-body\">\n                    <div class=\"elementskit-box-content ekit-image-box-body-inner\">\n                                                            <\/div>\n\n                            <\/div>\n            <\/div>\n    <\/div>\t\t\t\t<\/div>\n\t\t\t\t<\/div>\n\t\t\t\t\t<\/div>\n\t\t<\/div>\n\t\t\t\t\t<\/div>\n\t\t<\/section>\n\t\t\t\t<section class=\"elementor-section elementor-top-section elementor-element elementor-element-97a69f9 elementor-section-boxed elementor-section-height-default elementor-section-height-default\" data-id=\"97a69f9\" data-element_type=\"section\" data-e-type=\"section\">\n\t\t\t\t\t\t<div class=\"elementor-container elementor-column-gap-default\">\n\t\t\t\t\t<div class=\"elementor-column elementor-col-100 elementor-top-column elementor-element elementor-element-1cbcecc\" data-id=\"1cbcecc\" data-element_type=\"column\" data-e-type=\"column\">\n\t\t\t<div class=\"elementor-widget-wrap elementor-element-populated\">\n\t\t\t\t\t\t<div class=\"elementor-element elementor-element-f3f0a4f elementor-widget elementor-widget-text-editor\" data-id=\"f3f0a4f\" data-element_type=\"widget\" data-e-type=\"widget\" data-widget_type=\"text-editor.default\">\n\t\t\t\t<div class=\"elementor-widget-container\">\n\t\t\t\t\t\t\t\t\t<h4>\u00a1Seguridad lo primero!<\/h4>\t\t\t\t\t\t\t\t<\/div>\n\t\t\t\t<\/div>\n\t\t\t\t\t<\/div>\n\t\t<\/div>\n\t\t\t\t\t<\/div>\n\t\t<\/section>\n\t\t\t\t<section class=\"elementor-section elementor-top-section elementor-element elementor-element-b3110cd elementor-section-boxed elementor-section-height-default elementor-section-height-default\" data-id=\"b3110cd\" data-element_type=\"section\" data-e-type=\"section\">\n\t\t\t\t\t\t<div class=\"elementor-container elementor-column-gap-default\">\n\t\t\t\t\t<div class=\"elementor-column elementor-col-100 elementor-top-column elementor-element elementor-element-cfa220a\" data-id=\"cfa220a\" data-element_type=\"column\" data-e-type=\"column\">\n\t\t\t<div class=\"elementor-widget-wrap elementor-element-populated\">\n\t\t\t\t\t\t<div class=\"elementor-element elementor-element-252c36b elementor-widget elementor-widget-text-editor\" data-id=\"252c36b\" data-element_type=\"widget\" data-e-type=\"widget\" data-widget_type=\"text-editor.default\">\n\t\t\t\t<div class=\"elementor-widget-container\">\n\t\t\t\t\t\t\t\t\t<p>Cuando tengan que hacer ejercicios relacionados con la esgrima estar\u00e1n muy seguros. Para transmitiros a\u00fan m\u00e1s tranquilidad, la esgrima es incluso m\u00e1s segura que el B\u00e1dminton, as\u00ed que haceos una idea.<\/p><p>Cuando son muy peque\u00f1os se les dan armas de gomaespuma o de pl\u00e1stico, as\u00ed como caretas de pl\u00e1stico. Cuando son un poco m\u00e1s grandes y se vuelven m\u00e1s responsables utilizan sables convencionales para hacer esgrima.<\/p><p>\u00a0<\/p><p>Si los peque\u00f1os quieren llegar a competir tendr\u00edan que adquirir su propia equipaci\u00f3n, ya que las competiciones oficiales exigen un material espec\u00edfico.<\/p><p>\u00a0<\/p>\t\t\t\t\t\t\t\t<\/div>\n\t\t\t\t<\/div>\n\t\t\t\t\t<\/div>\n\t\t<\/div>\n\t\t\t\t\t<\/div>\n\t\t<\/section>\n\t\t\t\t<section class=\"elementor-section elementor-top-section elementor-element elementor-element-e6ba4aa elementor-section-boxed elementor-section-height-default elementor-section-height-default\" data-id=\"e6ba4aa\" data-element_type=\"section\" data-e-type=\"section\">\n\t\t\t\t\t\t<div class=\"elementor-container elementor-column-gap-default\">\n\t\t\t\t\t<div class=\"elementor-column elementor-col-100 elementor-top-column elementor-element elementor-element-1b899ab\" data-id=\"1b899ab\" data-element_type=\"column\" data-e-type=\"column\">\n\t\t\t<div class=\"elementor-widget-wrap elementor-element-populated\">\n\t\t\t\t\t\t<div class=\"elementor-element elementor-element-8ab9dde elementor-widget elementor-widget-text-editor\" data-id=\"8ab9dde\" data-element_type=\"widget\" data-e-type=\"widget\" data-widget_type=\"text-editor.default\">\n\t\t\t\t<div class=\"elementor-widget-container\">\n\t\t\t\t\t\t\t\t\t<p>Si te interesa conocer nuestras instalaciones y que prueben los m\u00e1s peque\u00f1os puedes ver m\u00e1s aqu\u00ed<\/p>\t\t\t\t\t\t\t\t<\/div>\n\t\t\t\t<\/div>\n\t\t\t\t<div class=\"elementor-element elementor-element-421ed95 elementor-align-center elementor-widget elementor-widget-elementskit-button\" data-id=\"421ed95\" data-element_type=\"widget\" data-e-type=\"widget\" data-widget_type=\"elementskit-button.default\">\n\t\t\t\t<div class=\"elementor-widget-container\">\n\t\t\t\t\t<div class=\"ekit-wid-con\" >\t\t<div class=\"ekit-btn-wraper\">\n\t\t\t\t\t\t\t<a href=\"https:\/\/www.esgrimatorremolinos.com\/index.php\/horarios-y-precios\/\" class=\"elementskit-btn  whitespace--normal\" id=\"\">\n\t\t\t\t\tHorarios y Precios\t\t\t\t<\/a>\n\t\t\t\t\t<\/div>\n        <\/div>\t\t\t\t<\/div>\n\t\t\t\t<\/div>\n\t\t\t\t\t<\/div>\n\t\t<\/div>\n\t\t\t\t\t<\/div>\n\t\t<\/section>\n\t\t\t\t<section class=\"elementor-section elementor-top-section elementor-element elementor-element-fac87de elementor-section-boxed elementor-section-height-default elementor-section-height-default\" data-id=\"fac87de\" data-element_type=\"section\" data-e-type=\"section\">\n\t\t\t\t\t\t<div class=\"elementor-container elementor-column-gap-default\">\n\t\t\t\t\t<div class=\"elementor-column elementor-col-100 elementor-top-column elementor-element elementor-element-c739f22\" data-id=\"c739f22\" data-element_type=\"column\" data-e-type=\"column\">\n\t\t\t<div class=\"elementor-widget-wrap elementor-element-populated\">\n\t\t\t\t\t\t<div class=\"elementor-element elementor-element-cf115be elementor-widget elementor-widget-spacer\" data-id=\"cf115be\" data-element_type=\"widget\" data-e-type=\"widget\" data-widget_type=\"spacer.default\">\n\t\t\t\t<div class=\"elementor-widget-container\">\n\t\t\t\t\t\t\t<div class=\"elementor-spacer\">\n\t\t\t<div class=\"elementor-spacer-inner\"><\/div>\n\t\t<\/div>\n\t\t\t\t\t\t<\/div>\n\t\t\t\t<\/div>\n\t\t\t\t\t<\/div>\n\t\t<\/div>\n\t\t\t\t\t<\/div>\n\t\t<\/section>\n\t\t\t\t<section class=\"elementor-section elementor-top-section elementor-element elementor-element-cd8d2e6 elementor-section-boxed elementor-section-height-default elementor-section-height-default\" data-id=\"cd8d2e6\" data-element_type=\"section\" data-e-type=\"section\">\n\t\t\t\t\t\t<div class=\"elementor-container elementor-column-gap-default\">\n\t\t\t\t\t<div class=\"elementor-column elementor-col-50 elementor-top-column elementor-element elementor-element-616ac90\" data-id=\"616ac90\" data-element_type=\"column\" data-e-type=\"column\">\n\t\t\t<div class=\"elementor-widget-wrap elementor-element-populated\">\n\t\t\t\t\t\t<div class=\"elementor-element elementor-element-bfd2682 content-align-cta-default elementor-widget elementor-widget-eael-cta-box\" data-id=\"bfd2682\" data-element_type=\"widget\" data-e-type=\"widget\" data-widget_type=\"eael-cta-box.default\">\n\t\t\t\t<div class=\"elementor-widget-container\">\n\t\t\t\t\t\t\t<div class=\"eael-call-to-action cta-basic bg-lite cta-preset-1\">\n        <h3 class=\"title eael-cta-heading\">\u00bfA\u00fan nada?<\/h3><p>Mira entonces la secci\u00f3n de preguntas frecuentes.<\/p><a href=\"https:\/\/www.esgrimatorremolinos.com\/index.php\/preguntas-frecuentes\/\" class=\"cta-button cta-preset-1  \">Preguntas Frecuentes<\/a>\t<\/div>\n\t\t\t\t\t\t\t\t<\/div>\n\t\t\t\t<\/div>\n\t\t\t\t\t<\/div>\n\t\t<\/div>\n\t\t\t\t<div class=\"elementor-column elementor-col-50 elementor-top-column elementor-element elementor-element-f690b94\" data-id=\"f690b94\" data-element_type=\"column\" data-e-type=\"column\">\n\t\t\t<div class=\"elementor-widget-wrap elementor-element-populated\">\n\t\t\t\t\t\t<div class=\"elementor-element elementor-element-75157ed content-align-cta-default elementor-widget elementor-widget-eael-cta-box\" data-id=\"75157ed\" data-element_type=\"widget\" data-e-type=\"widget\" data-widget_type=\"eael-cta-box.default\">\n\t\t\t\t<div class=\"elementor-widget-container\">\n\t\t\t\t\t\t\t<div class=\"eael-call-to-action cta-basic bg-lite cta-preset-1\">\n        <h3 class=\"title eael-cta-heading\">\u00bfConvencido?<\/h3><p>Entonces ponte en contacto con nosotros a trav\u00e9s del siguiente enlace.<\/p><a href=\"https:\/\/www.esgrimatorremolinos.com\/index.php\/contacto\/\" class=\"cta-button cta-preset-1  \">Contacto<\/a>\t<\/div>\n\t\t\t\t\t\t\t\t<\/div>\n\t\t\t\t<\/div>\n\t\t\t\t\t<\/div>\n\t\t<\/div>\n\t\t\t\t\t<\/div>\n\t\t<\/section>\n\t\t\t\t<section class=\"elementor-section elementor-top-section elementor-element elementor-element-88650d4 elementor-section-boxed elementor-section-height-default elementor-section-height-default\" data-id=\"88650d4\" data-element_type=\"section\" data-e-type=\"section\">\n\t\t\t\t\t\t<div class=\"elementor-container elementor-column-gap-default\">\n\t\t\t\t\t<div class=\"elementor-column elementor-col-100 elementor-top-column elementor-element elementor-element-d446e2a\" data-id=\"d446e2a\" data-element_type=\"column\" data-e-type=\"column\">\n\t\t\t<div class=\"elementor-widget-wrap elementor-element-populated\">\n\t\t\t\t\t\t<div class=\"elementor-element elementor-element-f7d27a2 elementor-align-center elementor-widget elementor-widget-elementskit-button\" data-id=\"f7d27a2\" data-element_type=\"widget\" data-e-type=\"widget\" data-widget_type=\"elementskit-button.default\">\n\t\t\t\t<div class=\"elementor-widget-container\">\n\t\t\t\t\t<div class=\"ekit-wid-con\" >\t\t<div class=\"ekit-btn-wraper\">\n\t\t\t\t\t\t\t<a href=\"https:\/\/www.sportmember.es\/team_invitation\/255092\/111378d943bf8ea5f1d2a5865041da102eb99a63\" class=\"elementskit-btn  whitespace--normal\" id=\"\">\n\t\t\t\t\t<i class=\"fas fa-id-card\"><\/i>Inscr\u00edbete en nuestra App\t\t\t\t<\/a>\n\t\t\t\t\t<\/div>\n        <\/div>\t\t\t\t<\/div>\n\t\t\t\t<\/div>\n\t\t\t\t\t<\/div>\n\t\t<\/div>\n\t\t\t\t\t<\/div>\n\t\t<\/section>\n\t\t\t\t<\/div>\n\t\t","protected":false},"excerpt":{"rendered":"<p>Esgrima para Ni\u00f1os Los grandes deportistas empiezan a practicar desde ni\u00f1os, por lo que les ofrecemos aprender la base desde que son peque\u00f1os. Ponemos el l\u00edmite de tener seis a\u00f1os de cara a la inclusi\u00f3n en juegos y capacidad para adaptar la clase a edades madurativas demasiado distantes. Contamos con entrenadores cualificados para trabajar con [&hellip;]<\/p>\n","protected":false},"author":1,"featured_media":0,"parent":0,"menu_order":0,"comment_status":"closed","ping_status":"closed","template":"","meta":{"footnotes":""},"class_list":["post-347","page","type-page","status-publish","hentry"],"yoast_head":"<!-- This site is optimized with the Yoast SEO plugin v27.5 - https:\/\/yoast.com\/product\/yoast-seo-wordpress\/ -->\n<title>Esgrima para Ni\u00f1os - Club de Esgrima Torremolinos<\/title>\n<meta name=\"robots\" content=\"index, follow, max-snippet:-1, max-image-preview:large, max-video-preview:-1\" \/>\n<link rel=\"canonical\" href=\"https:\/\/www.esgrimatorremolinos.com\/index.php\/esgrima-ninos\/\" \/>\n<meta property=\"og:locale\" content=\"es_ES\" \/>\n<meta property=\"og:type\" content=\"article\" \/>\n<meta property=\"og:title\" content=\"Esgrima para Ni\u00f1os - Club de Esgrima Torremolinos\" \/>\n<meta property=\"og:description\" content=\"Esgrima para Ni\u00f1os Los grandes deportistas empiezan a practicar desde ni\u00f1os, por lo que les ofrecemos aprender la base desde que son peque\u00f1os. Ponemos el l\u00edmite de tener seis a\u00f1os de cara a la inclusi\u00f3n en juegos y capacidad para adaptar la clase a edades madurativas demasiado distantes. Contamos con entrenadores cualificados para trabajar con [&hellip;]\" \/>\n<meta property=\"og:url\" content=\"https:\/\/www.esgrimatorremolinos.com\/index.php\/esgrima-ninos\/\" \/>\n<meta property=\"og:site_name\" content=\"Club de Esgrima Torremolinos\" \/>\n<meta property=\"article:modified_time\" content=\"2025-08-30T08:48:21+00:00\" \/>\n<meta property=\"og:image\" content=\"https:\/\/www.esgrimatorremolinos.com\/wp-content\/uploads\/2024\/02\/Imagen-de-WhatsApp-2024-02-22-a-las-08.51.45_f42fb7f1.jpg\" \/>\n\t<meta property=\"og:image:width\" content=\"1600\" \/>\n\t<meta property=\"og:image:height\" content=\"1200\" \/>\n\t<meta property=\"og:image:type\" content=\"image\/jpeg\" \/>\n<meta name=\"twitter:card\" content=\"summary_large_image\" \/>\n<meta name=\"twitter:label1\" content=\"Tiempo de lectura\" \/>\n\t<meta name=\"twitter:data1\" content=\"2 minutos\" \/>\n<script type=\"application\/ld+json\" class=\"yoast-schema-graph\">{\"@context\":\"https:\\\/\\\/schema.org\",\"@graph\":[{\"@type\":\"WebPage\",\"@id\":\"https:\\\/\\\/www.esgrimatorremolinos.com\\\/index.php\\\/esgrima-ninos\\\/\",\"url\":\"https:\\\/\\\/www.esgrimatorremolinos.com\\\/index.php\\\/esgrima-ninos\\\/\",\"name\":\"Esgrima para Ni\u00f1os - Club de Esgrima Torremolinos\",\"isPartOf\":{\"@id\":\"https:\\\/\\\/www.esgrimatorremolinos.com\\\/#website\"},\"primaryImageOfPage\":{\"@id\":\"https:\\\/\\\/www.esgrimatorremolinos.com\\\/index.php\\\/esgrima-ninos\\\/#primaryimage\"},\"image\":{\"@id\":\"https:\\\/\\\/www.esgrimatorremolinos.com\\\/index.php\\\/esgrima-ninos\\\/#primaryimage\"},\"thumbnailUrl\":\"https:\\\/\\\/www.esgrimatorremolinos.com\\\/wp-content\\\/uploads\\\/2024\\\/02\\\/Imagen-de-WhatsApp-2024-02-22-a-las-08.51.45_f42fb7f1.jpg\",\"datePublished\":\"2022-08-02T18:32:31+00:00\",\"dateModified\":\"2025-08-30T08:48:21+00:00\",\"breadcrumb\":{\"@id\":\"https:\\\/\\\/www.esgrimatorremolinos.com\\\/index.php\\\/esgrima-ninos\\\/#breadcrumb\"},\"inLanguage\":\"es\",\"potentialAction\":[{\"@type\":\"ReadAction\",\"target\":[\"https:\\\/\\\/www.esgrimatorremolinos.com\\\/index.php\\\/esgrima-ninos\\\/\"]}]},{\"@type\":\"ImageObject\",\"inLanguage\":\"es\",\"@id\":\"https:\\\/\\\/www.esgrimatorremolinos.com\\\/index.php\\\/esgrima-ninos\\\/#primaryimage\",\"url\":\"https:\\\/\\\/www.esgrimatorremolinos.com\\\/wp-content\\\/uploads\\\/2024\\\/02\\\/Imagen-de-WhatsApp-2024-02-22-a-las-08.51.45_f42fb7f1.jpg\",\"contentUrl\":\"https:\\\/\\\/www.esgrimatorremolinos.com\\\/wp-content\\\/uploads\\\/2024\\\/02\\\/Imagen-de-WhatsApp-2024-02-22-a-las-08.51.45_f42fb7f1.jpg\",\"width\":1600,\"height\":1200,\"caption\":\"esgrima ni\u00f1os m\u00e1laga torremolinos\"},{\"@type\":\"BreadcrumbList\",\"@id\":\"https:\\\/\\\/www.esgrimatorremolinos.com\\\/index.php\\\/esgrima-ninos\\\/#breadcrumb\",\"itemListElement\":[{\"@type\":\"ListItem\",\"position\":1,\"name\":\"Portada\",\"item\":\"https:\\\/\\\/www.esgrimatorremolinos.com\\\/\"},{\"@type\":\"ListItem\",\"position\":2,\"name\":\"Esgrima para Ni\u00f1os\"}]},{\"@type\":\"WebSite\",\"@id\":\"https:\\\/\\\/www.esgrimatorremolinos.com\\\/#website\",\"url\":\"https:\\\/\\\/www.esgrimatorremolinos.com\\\/\",\"name\":\"Club de Esgrima Torremolinos\",\"description\":\"Esgrima para todas las edades\",\"publisher\":{\"@id\":\"https:\\\/\\\/www.esgrimatorremolinos.com\\\/#organization\"},\"potentialAction\":[{\"@type\":\"SearchAction\",\"target\":{\"@type\":\"EntryPoint\",\"urlTemplate\":\"https:\\\/\\\/www.esgrimatorremolinos.com\\\/?s={search_term_string}\"},\"query-input\":{\"@type\":\"PropertyValueSpecification\",\"valueRequired\":true,\"valueName\":\"search_term_string\"}}],\"inLanguage\":\"es\"},{\"@type\":\"Organization\",\"@id\":\"https:\\\/\\\/www.esgrimatorremolinos.com\\\/#organization\",\"name\":\"Club de Esgrima Torremolinos\",\"url\":\"https:\\\/\\\/www.esgrimatorremolinos.com\\\/\",\"logo\":{\"@type\":\"ImageObject\",\"inLanguage\":\"es\",\"@id\":\"https:\\\/\\\/www.esgrimatorremolinos.com\\\/#\\\/schema\\\/logo\\\/image\\\/\",\"url\":\"https:\\\/\\\/www.esgrimatorremolinos.com\\\/wp-content\\\/uploads\\\/2022\\\/07\\\/cropped-1-8.png\",\"contentUrl\":\"https:\\\/\\\/www.esgrimatorremolinos.com\\\/wp-content\\\/uploads\\\/2022\\\/07\\\/cropped-1-8.png\",\"width\":512,\"height\":512,\"caption\":\"Club de Esgrima Torremolinos\"},\"image\":{\"@id\":\"https:\\\/\\\/www.esgrimatorremolinos.com\\\/#\\\/schema\\\/logo\\\/image\\\/\"}}]}<\/script>\n<!-- \/ Yoast SEO plugin. -->","yoast_head_json":{"title":"Esgrima para Ni\u00f1os - Club de Esgrima Torremolinos","robots":{"index":"index","follow":"follow","max-snippet":"max-snippet:-1","max-image-preview":"max-image-preview:large","max-video-preview":"max-video-preview:-1"},"canonical":"https:\/\/www.esgrimatorremolinos.com\/index.php\/esgrima-ninos\/","og_locale":"es_ES","og_type":"article","og_title":"Esgrima para Ni\u00f1os - Club de Esgrima Torremolinos","og_description":"Esgrima para Ni\u00f1os Los grandes deportistas empiezan a practicar desde ni\u00f1os, por lo que les ofrecemos aprender la base desde que son peque\u00f1os. Ponemos el l\u00edmite de tener seis a\u00f1os de cara a la inclusi\u00f3n en juegos y capacidad para adaptar la clase a edades madurativas demasiado distantes. Contamos con entrenadores cualificados para trabajar con [&hellip;]","og_url":"https:\/\/www.esgrimatorremolinos.com\/index.php\/esgrima-ninos\/","og_site_name":"Club de Esgrima Torremolinos","article_modified_time":"2025-08-30T08:48:21+00:00","og_image":[{"width":1600,"height":1200,"url":"https:\/\/www.esgrimatorremolinos.com\/wp-content\/uploads\/2024\/02\/Imagen-de-WhatsApp-2024-02-22-a-las-08.51.45_f42fb7f1.jpg","type":"image\/jpeg"}],"twitter_card":"summary_large_image","twitter_misc":{"Tiempo de lectura":"2 minutos"},"schema":{"@context":"https:\/\/schema.org","@graph":[{"@type":"WebPage","@id":"https:\/\/www.esgrimatorremolinos.com\/index.php\/esgrima-ninos\/","url":"https:\/\/www.esgrimatorremolinos.com\/index.php\/esgrima-ninos\/","name":"Esgrima para Ni\u00f1os - Club de Esgrima Torremolinos","isPartOf":{"@id":"https:\/\/www.esgrimatorremolinos.com\/#website"},"primaryImageOfPage":{"@id":"https:\/\/www.esgrimatorremolinos.com\/index.php\/esgrima-ninos\/#primaryimage"},"image":{"@id":"https:\/\/www.esgrimatorremolinos.com\/index.php\/esgrima-ninos\/#primaryimage"},"thumbnailUrl":"https:\/\/www.esgrimatorremolinos.com\/wp-content\/uploads\/2024\/02\/Imagen-de-WhatsApp-2024-02-22-a-las-08.51.45_f42fb7f1.jpg","datePublished":"2022-08-02T18:32:31+00:00","dateModified":"2025-08-30T08:48:21+00:00","breadcrumb":{"@id":"https:\/\/www.esgrimatorremolinos.com\/index.php\/esgrima-ninos\/#breadcrumb"},"inLanguage":"es","potentialAction":[{"@type":"ReadAction","target":["https:\/\/www.esgrimatorremolinos.com\/index.php\/esgrima-ninos\/"]}]},{"@type":"ImageObject","inLanguage":"es","@id":"https:\/\/www.esgrimatorremolinos.com\/index.php\/esgrima-ninos\/#primaryimage","url":"https:\/\/www.esgrimatorremolinos.com\/wp-content\/uploads\/2024\/02\/Imagen-de-WhatsApp-2024-02-22-a-las-08.51.45_f42fb7f1.jpg","contentUrl":"https:\/\/www.esgrimatorremolinos.com\/wp-content\/uploads\/2024\/02\/Imagen-de-WhatsApp-2024-02-22-a-las-08.51.45_f42fb7f1.jpg","width":1600,"height":1200,"caption":"esgrima ni\u00f1os m\u00e1laga torremolinos"},{"@type":"BreadcrumbList","@id":"https:\/\/www.esgrimatorremolinos.com\/index.php\/esgrima-ninos\/#breadcrumb","itemListElement":[{"@type":"ListItem","position":1,"name":"Portada","item":"https:\/\/www.esgrimatorremolinos.com\/"},{"@type":"ListItem","position":2,"name":"Esgrima para Ni\u00f1os"}]},{"@type":"WebSite","@id":"https:\/\/www.esgrimatorremolinos.com\/#website","url":"https:\/\/www.esgrimatorremolinos.com\/","name":"Club de Esgrima Torremolinos","description":"Esgrima para todas las edades","publisher":{"@id":"https:\/\/www.esgrimatorremolinos.com\/#organization"},"potentialAction":[{"@type":"SearchAction","target":{"@type":"EntryPoint","urlTemplate":"https:\/\/www.esgrimatorremolinos.com\/?s={search_term_string}"},"query-input":{"@type":"PropertyValueSpecification","valueRequired":true,"valueName":"search_term_string"}}],"inLanguage":"es"},{"@type":"Organization","@id":"https:\/\/www.esgrimatorremolinos.com\/#organization","name":"Club de Esgrima Torremolinos","url":"https:\/\/www.esgrimatorremolinos.com\/","logo":{"@type":"ImageObject","inLanguage":"es","@id":"https:\/\/www.esgrimatorremolinos.com\/#\/schema\/logo\/image\/","url":"https:\/\/www.esgrimatorremolinos.com\/wp-content\/uploads\/2022\/07\/cropped-1-8.png","contentUrl":"https:\/\/www.esgrimatorremolinos.com\/wp-content\/uploads\/2022\/07\/cropped-1-8.png","width":512,"height":512,"caption":"Club de Esgrima Torremolinos"},"image":{"@id":"https:\/\/www.esgrimatorremolinos.com\/#\/schema\/logo\/image\/"}}]}},"jetpack_sharing_enabled":true,"_links":{"self":[{"href":"https:\/\/www.esgrimatorremolinos.com\/index.php\/wp-json\/wp\/v2\/pages\/347","targetHints":{"allow":["GET"]}}],"collection":[{"href":"https:\/\/www.esgrimatorremolinos.com\/index.php\/wp-json\/wp\/v2\/pages"}],"about":[{"href":"https:\/\/www.esgrimatorremolinos.com\/index.php\/wp-json\/wp\/v2\/types\/page"}],"author":[{"embeddable":true,"href":"https:\/\/www.esgrimatorremolinos.com\/index.php\/wp-json\/wp\/v2\/users\/1"}],"replies":[{"embeddable":true,"href":"https:\/\/www.esgrimatorremolinos.com\/index.php\/wp-json\/wp\/v2\/comments?post=347"}],"version-history":[{"count":34,"href":"https:\/\/www.esgrimatorremolinos.com\/index.php\/wp-json\/wp\/v2\/pages\/347\/revisions"}],"predecessor-version":[{"id":1750,"href":"https:\/\/www.esgrimatorremolinos.com\/index.php\/wp-json\/wp\/v2\/pages\/347\/revisions\/1750"}],"wp:attachment":[{"href":"https:\/\/www.esgrimatorremolinos.com\/index.php\/wp-json\/wp\/v2\/media?parent=347"}],"curies":[{"name":"wp","href":"https:\/\/api.w.org\/{rel}","templated":true}]}}